{"id":147,"date":"2017-06-14T17:10:09","date_gmt":"2017-06-14T17:10:09","guid":{"rendered":"http:\/\/demo.curlythemes.com\/theatrewp\/?page_id=2"},"modified":"2024-12-05T13:54:56","modified_gmt":"2024-12-05T13:54:56","slug":"despre","status":"publish","type":"page","link":"https:\/\/symphonicmetalechoes.ro\/ro\/despre\/","title":{"rendered":"DESPRE"},"content":{"rendered":"<div class=\"wpb-content-wrapper\">[vc_row][vc_column][vc_column_text css=&#8221;&#8221;]\n<div>Symphonic Metal Echoes este un eveniment cultural care \u00ee\u0219i propune s\u0103 ofere participan\u021bilor o experien\u021b\u0103 muzical\u0103 de neuitat. Desf\u0103\u0219ur\u00e2ndu-se \u00eentr-o atmosfer\u0103 captivant\u0103 \u0219i av\u00e2nd un program muzical ce \u00eembin\u0103 for\u021ba \u0219i intensitatea metalului cu elegan\u021ba \u0219i maiestuozitatea muzicii simfonice, festivalul nostru \u00ee\u0219i propune s\u0103 aduc\u0103 \u00eempreun\u0103 arti\u0219ti, fani \u0219i pasiona\u021bi ai acestui frumos gen muzical.<\/div>\n<p><\/br><br \/>\nLoca\u021bie: Spa\u021biile Ryma din Alba Iulia ofer\u0103 un cadru istoric \u0219i pitoresc, ideal pentru un festival \u00een aer liber. Capacitatea loca\u021biei este \u00eentre 500 \u0219i 1000 de persoane, asigur\u00e2nd o atmosfer\u0103 intim\u0103 \u0219i prietenoas\u0103.<\/p>\n<p>Oportunit\u0103\u021bi de Networking \u0219i Colaborare: Symphonic Metal Echoes Fest nu este doar despre muzic\u0103; este o platform\u0103 pentru arti\u0219ti, organizatori \u0219i fani de a se \u00eent\u00e2lni, a lega prietenii \u0219i a pune bazele unor proiecte comune.<\/p>\n<p>Ne dorim s\u0103 construim un festival care s\u0103 creasc\u0103 de la an la an, devenind un punct de referin\u021b\u0103 pentru fanii metalului simfonic din \u00eentreaga lume.[\/vc_column_text][\/vc_column][\/vc_row]\n<\/div>","protected":false},"excerpt":{"rendered":"<p>[vc_row][vc_column][vc_column_text css=&#8221;&#8221;] Symphonic Metal Echoes este un eveniment cultural care \u00ee\u0219i propune s\u0103 ofere participan\u021bilor o experien\u021b\u0103 muzical\u0103 de neuitat. Desf\u0103\u0219ur\u00e2ndu-se \u00eentr-o atmosfer\u0103 captivant\u0103 \u0219i av\u00e2nd un program muzical ce \u00eembin\u0103 for\u021ba \u0219i intensitatea metalului cu elegan\u021ba \u0219i maiestuozitatea muzicii simfonice, festivalul nostru \u00ee\u0219i propune s\u0103 aduc\u0103 \u00eempreun\u0103 arti\u0219ti, fani \u0219i pasiona\u021bi ai acestui frumos gen muzical. Loca\u021bie: Spa\u021biile Ryma [&hellip;]<\/p>\n","protected":false},"author":1,"featured_media":0,"parent":0,"menu_order":0,"comment_status":"closed","ping_status":"closed","template":"","meta":{"inline_featured_image":false,"footnotes":""},"class_list":["post-147","page","type-page","status-publish","hentry"],"_links":{"self":[{"href":"https:\/\/symphonicmetalechoes.ro\/ro\/wp-json\/wp\/v2\/pages\/147","targetHints":{"allow":["GET"]}}],"collection":[{"href":"https:\/\/symphonicmetalechoes.ro\/ro\/wp-json\/wp\/v2\/pages"}],"about":[{"href":"https:\/\/symphonicmetalechoes.ro\/ro\/wp-json\/wp\/v2\/types\/page"}],"author":[{"embeddable":true,"href":"https:\/\/symphonicmetalechoes.ro\/ro\/wp-json\/wp\/v2\/users\/1"}],"replies":[{"embeddable":true,"href":"https:\/\/symphonicmetalechoes.ro\/ro\/wp-json\/wp\/v2\/comments?post=147"}],"version-history":[{"count":36,"href":"https:\/\/symphonicmetalechoes.ro\/ro\/wp-json\/wp\/v2\/pages\/147\/revisions"}],"predecessor-version":[{"id":779,"href":"https:\/\/symphonicmetalechoes.ro\/ro\/wp-json\/wp\/v2\/pages\/147\/revisions\/779"}],"wp:attachment":[{"href":"https:\/\/symphonicmetalechoes.ro\/ro\/wp-json\/wp\/v2\/media?parent=147"}],"curies":[{"name":"wp","href":"https:\/\/api.w.org\/{rel}","templated":true}]}}