{"id":605,"date":"2024-07-05T19:36:51","date_gmt":"2024-07-05T18:36:51","guid":{"rendered":"https:\/\/symphonicmetalechoes.ro\/en\/?page_id=605"},"modified":"2026-03-30T13:17:57","modified_gmt":"2026-03-30T10:17:57","slug":"stiri","status":"publish","type":"page","link":"https:\/\/symphonicmetalechoes.ro\/en\/stiri\/","title":{"rendered":"NEWS"},"content":{"rendered":"\t\t<div data-elementor-type=\"wp-page\" data-elementor-id=\"605\" class=\"elementor elementor-605\">\n\t\t\t\t<div class=\"elementor-element elementor-element-66c84284 e-flex e-con-boxed e-con e-parent\" data-id=\"66c84284\" data-element_type=\"container\" data-e-type=\"container\">\n\t\t\t\t\t<div class=\"e-con-inner\">\n\t\t\t\t<div class=\"elementor-element elementor-element-7487998 elementor-widget elementor-widget-elementskit-blog-posts\" data-id=\"7487998\" data-element_type=\"widget\" data-e-type=\"widget\" data-widget_type=\"elementskit-blog-posts.default\">\n\t\t\t\t\t<div class=\"ekit-wid-con\" >        <div id=\"post-items--7487998\" class=\"row post-items\">\n                    <div class=\"col-md-12\">\n\n                                    <div class=\"elementskit-blog-block-post\">\n                        <div class=\"row no-gutters\">\n                                                            <div class=\"col-md-6 order-1\">\n                                    <a href=\"https:\/\/symphonicmetalechoes.ro\/en\/primul-festival-symphonic-metal-din-romania\/\" class=\"elementskit-entry-thumb\">\n                                        <img decoding=\"async\" src=\"https:\/\/symphonicmetalechoes.ro\/en\/wp-content\/uploads\/2024\/07\/Logo-Maximum-Rock-VECTORIAL-300x198.png\" alt=\"The First Symphonic Metal Festival in Romania!\">\n                                    <\/a><!-- .elementskit-entry-thumb END -->\n                                <\/div>\n                            \n                            <div class=\"col-md-6 order-2\">\n                                <div class=\"elementskit-post-body \">\n                                    <div class=\"elementskit-entry-header\">\n                                        \n                                                                                            \t\t\t\t\t\t\t\t\t\t\t<div class=\"post-meta-list\">\n\t\t\t\t\t\t\t\t\t\t\t\t\t\t\t\t\t\t\t\t\t\t\t\t\t\t\t\t\t\t\t\t<span class=\"meta-date\">\n\t\t\t\t\t\t\t\t\t\t<svg class=\"ekit-svg-icon icon-calendar3\" viewBox=\"0 0 32 32\" xmlns=\"http:\/\/www.w3.org\/2000\/svg\"><path d=\"M30.831 6.246c-0.209-1.012-0.698-1.919-1.396-2.617-0.209-0.209-0.454-0.419-0.733-0.593l-0.035-0.035c-0.035-0.035-0.070-0.035-0.105-0.070-0.105-0.070-0.209-0.14-0.314-0.174h-0.035c-0.733-0.384-1.535-0.593-2.443-0.593h-2.164v-1.501c0-0.349-0.279-0.663-0.663-0.663-0.349 0-0.663 0.279-0.663 0.663v1.431h-12.528v-1.431c0-0.349-0.314-0.663-0.663-0.663s-0.663 0.279-0.663 0.663v1.431h-2.164c-0.663 0-1.326 0.14-1.919 0.384-0.663 0.279-1.256 0.663-1.745 1.152-0.279 0.279-0.523 0.593-0.733 0.907-0.209 0.349-0.384 0.698-0.523 1.082-0.070 0.209-0.14 0.419-0.174 0.628-0.070 0.349-0.105 0.698-0.105 1.047v19.577c0 1.431 0.593 2.722 1.501 3.629 0.942 0.942 2.233 1.501 3.629 1.501h19.612c1.431 0 2.722-0.593 3.629-1.501 0.942-0.942 1.501-2.233 1.501-3.629v-19.577c0-0.349-0.035-0.698-0.105-1.047zM2.425 7.258c0-0.279 0.035-0.523 0.070-0.768s0.14-0.489 0.209-0.733c0.14-0.314 0.314-0.593 0.489-0.838 0.105-0.14 0.209-0.244 0.314-0.384 0.209-0.209 0.454-0.384 0.698-0.558 0.593-0.349 1.256-0.558 1.989-0.558h2.164v1.431c0 0.349 0.279 0.663 0.663 0.663 0.349 0 0.663-0.279 0.663-0.663v-1.431h12.702v1.431c0 0.349 0.279 0.663 0.663 0.663 0.349 0 0.663-0.279 0.663-0.663v-1.431h2.164c0.733 0 1.431 0.209 1.989 0.558 0.244 0.174 0.489 0.349 0.698 0.558 0.523 0.523 0.907 1.186 1.047 1.954 0.035 0.244 0.070 0.523 0.070 0.768v2.862h-27.254v-2.861zM29.714 26.835c0 1.082-0.419 2.059-1.117 2.757s-1.675 1.117-2.722 1.117h-19.612c-1.047 0-2.024-0.419-2.722-1.117s-1.117-1.675-1.117-2.722v-15.459h27.289v15.424z\"><\/path><\/svg>\t\t\t\t\t\t\t\t\t\t<span class=\"meta-date-text\">\n\t\t\t\t\t\t\t\t\t\t\t2 July 2024\t\t\t\t\t\t\t\t\t\t<\/span>\n\t\t\t\t\t\t\t\t\t<\/span>\n\t\t\t\t\t\t\t\t\t\t\t\t\t\t\t\t\t\t\t\t\t\t\t\t\t\t\t\t\t\t\t\t\t\t\t\t\t\t\t\t\t\t\t\t\t\t\t\t\t\t\t\t\t\t\t\t\t\t\t\t\t\t\t\t<span class=\"post-cat\">\n\t\t\t\t\t\t\t\t\t\t<svg class=\"ekit-svg-icon icon-folder\" viewBox=\"0 0 32 32\" xmlns=\"http:\/\/www.w3.org\/2000\/svg\"><path d=\"M30.661 11.867h-1.861v-3.343c0-0.804-0.654-1.457-1.457-1.457h-13.202l-2.667-3.733h-10.018c-0.803 0-1.457 0.654-1.457 1.457v23.3h0.003c-0.003 0.3 0.091 0.594 0.278 0.84 0.261 0.341 0.657 0.537 1.086 0.537h23.871c0.617 0 1.159-0.415 1.307-0.967l5.454-14.954v-0.094c0-0.918-0.563-1.585-1.339-1.585zM1.067 4.79c0-0.215 0.175-0.39 0.39-0.39h9.468l2.667 3.733h13.75c0.215 0 0.39 0.175 0.39 0.39v3.343h-20.943c-0.077 0-0.153 0.006-0.227 0.019-0.519 0.087-0.95 0.466-1.079 0.947l-4.417 12.046v-20.089zM25.53 28.178c-0.035 0.131-0.155 0.222-0.291 0.222h-23.871c-0.13 0-0.205-0.074-0.239-0.118s-0.085-0.137-0.066-0.218l5.435-14.908c0.035-0.131 0.155-0.222 0.291-0.222h23.872c0.203 0 0.254 0.291 0.268 0.437l-5.399 14.807z\"><\/path><\/svg>\t\t\t\t\t\t\t\t\t\t<a href=\"https:\/\/symphonicmetalechoes.ro\/en\/category\/stiri\/\" rel=\"category tag\">Stiri<\/a>\t\t\t\t\t\t\t\t\t<\/span>\n\t\t\t\t\t\t\t\t\t\t\t\t\t\t\t\t\t\t\t\t\t\t\t\t\t\t\t\t\t\t\t\t\t\t\t\t\t\t\t\t\t\t\t\t\t\t\t\t\t\t\t\t\t\t\t\t\t\t\t\t\t\t\t\t<span class=\"post-comment\">\n\t\t\t\t\t\t\t\t\t\t<svg class=\"ekit-svg-icon icon-comment\" viewBox=\"0 0 32 32\" xmlns=\"http:\/\/www.w3.org\/2000\/svg\"><path d=\"M28.8 1.067h-25.6c-1.734 0-3.2 1.466-3.2 3.2v17.6c0 1.734 1.466 3.2 3.2 3.2h4.267v5.333c0 0.22 0.135 0.418 0.341 0.498 0.063 0.024 0.128 0.036 0.193 0.036 0.147 0 0.292-0.061 0.395-0.174l5.174-5.692h15.231c1.734 0 3.2-1.466 3.2-3.2v-17.6c0-1.734-1.466-3.2-3.2-3.2zM30.933 21.867c0 1.156-0.977 2.133-2.133 2.133h-14.305l1.909-2.219c0.192-0.223 0.167-0.56-0.057-0.752s-0.561-0.166-0.753 0.057l-2.666 3.099-4.396 4.836v-4.487c0-0.294-0.239-0.533-0.533-0.533h-4.8c-1.156 0-2.133-0.977-2.133-2.133v-17.6c0-1.156 0.977-2.133 2.133-2.133h25.6c1.156 0 2.133 0.977 2.133 2.133v17.6z\"><\/path><\/svg>\t\t\t\t\t\t\t\t\t\t<a href=\"https:\/\/symphonicmetalechoes.ro\/en\/primul-festival-symphonic-metal-din-romania\/#respond\">0<\/a>\n\t\t\t\t\t\t\t\t\t<\/span>\n\t\t\t\t\t\t\t\t\t\t\t\t\t\t\t\t\t\t\t\t\t<\/div>\n\t\t\t\t\t                                            \n                                            \n                                                                                            \t\t\t\t<h2 class=\"entry-title\">\n\t\t\t\t\t<a href=\"https:\/\/symphonicmetalechoes.ro\/en\/primul-festival-symphonic-metal-din-romania\/\">\n\t\t\t\t\t\tThe First Symphonic Metal Festival in Romania!\t\t\t\t\t<\/a>\n\t\t\t\t<\/h2>\n\t\t\t                                                                                <\/div><!-- .elementskit-entry-header END -->\n\n                                                                            <div class=\"elementskit-post-footer\">\n                                                                                            <p>Primul Festival Symphonic Metal din Rom\u00e2nia!<\/p>\n                                                                                                                                <\/div><!-- .elementskit-post-footer END -->\n                                                                    <\/div><!-- .elementskit-post-body END -->\n                            <\/div>\n                        <\/div>\n                    <\/div><!-- .elementskit-blog-block-post .radius .gradient-bg END -->\n                \n            <\/div>\n                    <div class=\"col-md-12\">\n\n                                    <div class=\"elementskit-blog-block-post\">\n                        <div class=\"row no-gutters\">\n                                                            <div class=\"col-md-6 order-1\">\n                                    <a href=\"https:\/\/symphonicmetalechoes.ro\/en\/prima-editie-a-festivalului-symphonic-metal-echoes\/\" class=\"elementskit-entry-thumb\">\n                                        <img decoding=\"async\" src=\"https:\/\/symphonicmetalechoes.ro\/en\/wp-content\/uploads\/2024\/07\/WhatsApp-Image-2024-05-24-at-19.19.03-1-300x141.jpeg\" alt=\"Prima edi\u021bie a festivalului \u201eSymphonic Metal Echoes\u201d\">\n                                    <\/a><!-- .elementskit-entry-thumb END -->\n                                <\/div>\n                            \n                            <div class=\"col-md-6 order-2\">\n                                <div class=\"elementskit-post-body \">\n                                    <div class=\"elementskit-entry-header\">\n                                        \n                                                                                            \t\t\t\t\t\t\t\t\t\t\t<div class=\"post-meta-list\">\n\t\t\t\t\t\t\t\t\t\t\t\t\t\t\t\t\t\t\t\t\t\t\t\t\t\t\t\t\t\t\t\t<span class=\"meta-date\">\n\t\t\t\t\t\t\t\t\t\t<svg class=\"ekit-svg-icon icon-calendar3\" viewBox=\"0 0 32 32\" xmlns=\"http:\/\/www.w3.org\/2000\/svg\"><path d=\"M30.831 6.246c-0.209-1.012-0.698-1.919-1.396-2.617-0.209-0.209-0.454-0.419-0.733-0.593l-0.035-0.035c-0.035-0.035-0.070-0.035-0.105-0.070-0.105-0.070-0.209-0.14-0.314-0.174h-0.035c-0.733-0.384-1.535-0.593-2.443-0.593h-2.164v-1.501c0-0.349-0.279-0.663-0.663-0.663-0.349 0-0.663 0.279-0.663 0.663v1.431h-12.528v-1.431c0-0.349-0.314-0.663-0.663-0.663s-0.663 0.279-0.663 0.663v1.431h-2.164c-0.663 0-1.326 0.14-1.919 0.384-0.663 0.279-1.256 0.663-1.745 1.152-0.279 0.279-0.523 0.593-0.733 0.907-0.209 0.349-0.384 0.698-0.523 1.082-0.070 0.209-0.14 0.419-0.174 0.628-0.070 0.349-0.105 0.698-0.105 1.047v19.577c0 1.431 0.593 2.722 1.501 3.629 0.942 0.942 2.233 1.501 3.629 1.501h19.612c1.431 0 2.722-0.593 3.629-1.501 0.942-0.942 1.501-2.233 1.501-3.629v-19.577c0-0.349-0.035-0.698-0.105-1.047zM2.425 7.258c0-0.279 0.035-0.523 0.070-0.768s0.14-0.489 0.209-0.733c0.14-0.314 0.314-0.593 0.489-0.838 0.105-0.14 0.209-0.244 0.314-0.384 0.209-0.209 0.454-0.384 0.698-0.558 0.593-0.349 1.256-0.558 1.989-0.558h2.164v1.431c0 0.349 0.279 0.663 0.663 0.663 0.349 0 0.663-0.279 0.663-0.663v-1.431h12.702v1.431c0 0.349 0.279 0.663 0.663 0.663 0.349 0 0.663-0.279 0.663-0.663v-1.431h2.164c0.733 0 1.431 0.209 1.989 0.558 0.244 0.174 0.489 0.349 0.698 0.558 0.523 0.523 0.907 1.186 1.047 1.954 0.035 0.244 0.070 0.523 0.070 0.768v2.862h-27.254v-2.861zM29.714 26.835c0 1.082-0.419 2.059-1.117 2.757s-1.675 1.117-2.722 1.117h-19.612c-1.047 0-2.024-0.419-2.722-1.117s-1.117-1.675-1.117-2.722v-15.459h27.289v15.424z\"><\/path><\/svg>\t\t\t\t\t\t\t\t\t\t<span class=\"meta-date-text\">\n\t\t\t\t\t\t\t\t\t\t\t2 July 2024\t\t\t\t\t\t\t\t\t\t<\/span>\n\t\t\t\t\t\t\t\t\t<\/span>\n\t\t\t\t\t\t\t\t\t\t\t\t\t\t\t\t\t\t\t\t\t\t\t\t\t\t\t\t\t\t\t\t\t\t\t\t\t\t\t\t\t\t\t\t\t\t\t\t\t\t\t\t\t\t\t\t\t\t\t\t\t\t\t\t<span class=\"post-cat\">\n\t\t\t\t\t\t\t\t\t\t<svg class=\"ekit-svg-icon icon-folder\" viewBox=\"0 0 32 32\" xmlns=\"http:\/\/www.w3.org\/2000\/svg\"><path d=\"M30.661 11.867h-1.861v-3.343c0-0.804-0.654-1.457-1.457-1.457h-13.202l-2.667-3.733h-10.018c-0.803 0-1.457 0.654-1.457 1.457v23.3h0.003c-0.003 0.3 0.091 0.594 0.278 0.84 0.261 0.341 0.657 0.537 1.086 0.537h23.871c0.617 0 1.159-0.415 1.307-0.967l5.454-14.954v-0.094c0-0.918-0.563-1.585-1.339-1.585zM1.067 4.79c0-0.215 0.175-0.39 0.39-0.39h9.468l2.667 3.733h13.75c0.215 0 0.39 0.175 0.39 0.39v3.343h-20.943c-0.077 0-0.153 0.006-0.227 0.019-0.519 0.087-0.95 0.466-1.079 0.947l-4.417 12.046v-20.089zM25.53 28.178c-0.035 0.131-0.155 0.222-0.291 0.222h-23.871c-0.13 0-0.205-0.074-0.239-0.118s-0.085-0.137-0.066-0.218l5.435-14.908c0.035-0.131 0.155-0.222 0.291-0.222h23.872c0.203 0 0.254 0.291 0.268 0.437l-5.399 14.807z\"><\/path><\/svg>\t\t\t\t\t\t\t\t\t\t<a href=\"https:\/\/symphonicmetalechoes.ro\/en\/category\/stiri\/\" rel=\"category tag\">Stiri<\/a>\t\t\t\t\t\t\t\t\t<\/span>\n\t\t\t\t\t\t\t\t\t\t\t\t\t\t\t\t\t\t\t\t\t\t\t\t\t\t\t\t\t\t\t\t\t\t\t\t\t\t\t\t\t\t\t\t\t\t\t\t\t\t\t\t\t\t\t\t\t\t\t\t\t\t\t\t<span class=\"post-comment\">\n\t\t\t\t\t\t\t\t\t\t<svg class=\"ekit-svg-icon icon-comment\" viewBox=\"0 0 32 32\" xmlns=\"http:\/\/www.w3.org\/2000\/svg\"><path d=\"M28.8 1.067h-25.6c-1.734 0-3.2 1.466-3.2 3.2v17.6c0 1.734 1.466 3.2 3.2 3.2h4.267v5.333c0 0.22 0.135 0.418 0.341 0.498 0.063 0.024 0.128 0.036 0.193 0.036 0.147 0 0.292-0.061 0.395-0.174l5.174-5.692h15.231c1.734 0 3.2-1.466 3.2-3.2v-17.6c0-1.734-1.466-3.2-3.2-3.2zM30.933 21.867c0 1.156-0.977 2.133-2.133 2.133h-14.305l1.909-2.219c0.192-0.223 0.167-0.56-0.057-0.752s-0.561-0.166-0.753 0.057l-2.666 3.099-4.396 4.836v-4.487c0-0.294-0.239-0.533-0.533-0.533h-4.8c-1.156 0-2.133-0.977-2.133-2.133v-17.6c0-1.156 0.977-2.133 2.133-2.133h25.6c1.156 0 2.133 0.977 2.133 2.133v17.6z\"><\/path><\/svg>\t\t\t\t\t\t\t\t\t\t<a href=\"https:\/\/symphonicmetalechoes.ro\/en\/prima-editie-a-festivalului-symphonic-metal-echoes\/#respond\">0<\/a>\n\t\t\t\t\t\t\t\t\t<\/span>\n\t\t\t\t\t\t\t\t\t\t\t\t\t\t\t\t\t\t\t\t\t<\/div>\n\t\t\t\t\t                                            \n                                            \n                                                                                            \t\t\t\t<h2 class=\"entry-title\">\n\t\t\t\t\t<a href=\"https:\/\/symphonicmetalechoes.ro\/en\/prima-editie-a-festivalului-symphonic-metal-echoes\/\">\n\t\t\t\t\t\tPrima edi\u021bie a festivalului \u201eSymphonic Metal Echoes\u201d\t\t\t\t\t<\/a>\n\t\t\t\t<\/h2>\n\t\t\t                                                                                <\/div><!-- .elementskit-entry-header END -->\n\n                                                                            <div class=\"elementskit-post-footer\">\n                                                                                            <p>Prima edi\u021bie a festivalului &#8222;Symphonic Metal Echoes&#8221;. &nbsp;<\/p>\n                                                                                                                                <\/div><!-- .elementskit-post-footer END -->\n                                                                    <\/div><!-- .elementskit-post-body END -->\n                            <\/div>\n                        <\/div>\n                    <\/div><!-- .elementskit-blog-block-post .radius .gradient-bg END -->\n                \n            <\/div>\n                    <div class=\"col-md-12\">\n\n                                    <div class=\"elementskit-blog-block-post\">\n                        <div class=\"row no-gutters\">\n                                                            <div class=\"col-md-6 order-1\">\n                                    <a href=\"https:\/\/symphonicmetalechoes.ro\/en\/festivalul-symphonic-metal-echoes-la-prima-editie-cine-concerteaza-cat-costa-biletele\/\" class=\"elementskit-entry-thumb\">\n                                        <img decoding=\"async\" src=\"https:\/\/symphonicmetalechoes.ro\/en\/wp-content\/uploads\/2024\/07\/cropped-romaniangeek.ro_.png\" alt=\"Festivalul Symphonic Metal Echoes, la prima edi\u021bie. Cine concerteaz\u0103, c\u00e2t cost\u0103 biletele\">\n                                    <\/a><!-- .elementskit-entry-thumb END -->\n                                <\/div>\n                            \n                            <div class=\"col-md-6 order-2\">\n                                <div class=\"elementskit-post-body \">\n                                    <div class=\"elementskit-entry-header\">\n                                        \n                                                                                            \t\t\t\t\t\t\t\t\t\t\t<div class=\"post-meta-list\">\n\t\t\t\t\t\t\t\t\t\t\t\t\t\t\t\t\t\t\t\t\t\t\t\t\t\t\t\t\t\t\t\t<span class=\"meta-date\">\n\t\t\t\t\t\t\t\t\t\t<svg class=\"ekit-svg-icon icon-calendar3\" viewBox=\"0 0 32 32\" xmlns=\"http:\/\/www.w3.org\/2000\/svg\"><path d=\"M30.831 6.246c-0.209-1.012-0.698-1.919-1.396-2.617-0.209-0.209-0.454-0.419-0.733-0.593l-0.035-0.035c-0.035-0.035-0.070-0.035-0.105-0.070-0.105-0.070-0.209-0.14-0.314-0.174h-0.035c-0.733-0.384-1.535-0.593-2.443-0.593h-2.164v-1.501c0-0.349-0.279-0.663-0.663-0.663-0.349 0-0.663 0.279-0.663 0.663v1.431h-12.528v-1.431c0-0.349-0.314-0.663-0.663-0.663s-0.663 0.279-0.663 0.663v1.431h-2.164c-0.663 0-1.326 0.14-1.919 0.384-0.663 0.279-1.256 0.663-1.745 1.152-0.279 0.279-0.523 0.593-0.733 0.907-0.209 0.349-0.384 0.698-0.523 1.082-0.070 0.209-0.14 0.419-0.174 0.628-0.070 0.349-0.105 0.698-0.105 1.047v19.577c0 1.431 0.593 2.722 1.501 3.629 0.942 0.942 2.233 1.501 3.629 1.501h19.612c1.431 0 2.722-0.593 3.629-1.501 0.942-0.942 1.501-2.233 1.501-3.629v-19.577c0-0.349-0.035-0.698-0.105-1.047zM2.425 7.258c0-0.279 0.035-0.523 0.070-0.768s0.14-0.489 0.209-0.733c0.14-0.314 0.314-0.593 0.489-0.838 0.105-0.14 0.209-0.244 0.314-0.384 0.209-0.209 0.454-0.384 0.698-0.558 0.593-0.349 1.256-0.558 1.989-0.558h2.164v1.431c0 0.349 0.279 0.663 0.663 0.663 0.349 0 0.663-0.279 0.663-0.663v-1.431h12.702v1.431c0 0.349 0.279 0.663 0.663 0.663 0.349 0 0.663-0.279 0.663-0.663v-1.431h2.164c0.733 0 1.431 0.209 1.989 0.558 0.244 0.174 0.489 0.349 0.698 0.558 0.523 0.523 0.907 1.186 1.047 1.954 0.035 0.244 0.070 0.523 0.070 0.768v2.862h-27.254v-2.861zM29.714 26.835c0 1.082-0.419 2.059-1.117 2.757s-1.675 1.117-2.722 1.117h-19.612c-1.047 0-2.024-0.419-2.722-1.117s-1.117-1.675-1.117-2.722v-15.459h27.289v15.424z\"><\/path><\/svg>\t\t\t\t\t\t\t\t\t\t<span class=\"meta-date-text\">\n\t\t\t\t\t\t\t\t\t\t\t1 July 2024\t\t\t\t\t\t\t\t\t\t<\/span>\n\t\t\t\t\t\t\t\t\t<\/span>\n\t\t\t\t\t\t\t\t\t\t\t\t\t\t\t\t\t\t\t\t\t\t\t\t\t\t\t\t\t\t\t\t\t\t\t\t\t\t\t\t\t\t\t\t\t\t\t\t\t\t\t\t\t\t\t\t\t\t\t\t\t\t\t\t<span class=\"post-cat\">\n\t\t\t\t\t\t\t\t\t\t<svg class=\"ekit-svg-icon icon-folder\" viewBox=\"0 0 32 32\" xmlns=\"http:\/\/www.w3.org\/2000\/svg\"><path d=\"M30.661 11.867h-1.861v-3.343c0-0.804-0.654-1.457-1.457-1.457h-13.202l-2.667-3.733h-10.018c-0.803 0-1.457 0.654-1.457 1.457v23.3h0.003c-0.003 0.3 0.091 0.594 0.278 0.84 0.261 0.341 0.657 0.537 1.086 0.537h23.871c0.617 0 1.159-0.415 1.307-0.967l5.454-14.954v-0.094c0-0.918-0.563-1.585-1.339-1.585zM1.067 4.79c0-0.215 0.175-0.39 0.39-0.39h9.468l2.667 3.733h13.75c0.215 0 0.39 0.175 0.39 0.39v3.343h-20.943c-0.077 0-0.153 0.006-0.227 0.019-0.519 0.087-0.95 0.466-1.079 0.947l-4.417 12.046v-20.089zM25.53 28.178c-0.035 0.131-0.155 0.222-0.291 0.222h-23.871c-0.13 0-0.205-0.074-0.239-0.118s-0.085-0.137-0.066-0.218l5.435-14.908c0.035-0.131 0.155-0.222 0.291-0.222h23.872c0.203 0 0.254 0.291 0.268 0.437l-5.399 14.807z\"><\/path><\/svg>\t\t\t\t\t\t\t\t\t\t<a href=\"https:\/\/symphonicmetalechoes.ro\/en\/category\/stiri\/\" rel=\"category tag\">Stiri<\/a>\t\t\t\t\t\t\t\t\t<\/span>\n\t\t\t\t\t\t\t\t\t\t\t\t\t\t\t\t\t\t\t\t\t\t\t\t\t\t\t\t\t\t\t\t\t\t\t\t\t\t\t\t\t\t\t\t\t\t\t\t\t\t\t\t\t\t\t\t\t\t\t\t\t\t\t\t<span class=\"post-comment\">\n\t\t\t\t\t\t\t\t\t\t<svg class=\"ekit-svg-icon icon-comment\" viewBox=\"0 0 32 32\" xmlns=\"http:\/\/www.w3.org\/2000\/svg\"><path d=\"M28.8 1.067h-25.6c-1.734 0-3.2 1.466-3.2 3.2v17.6c0 1.734 1.466 3.2 3.2 3.2h4.267v5.333c0 0.22 0.135 0.418 0.341 0.498 0.063 0.024 0.128 0.036 0.193 0.036 0.147 0 0.292-0.061 0.395-0.174l5.174-5.692h15.231c1.734 0 3.2-1.466 3.2-3.2v-17.6c0-1.734-1.466-3.2-3.2-3.2zM30.933 21.867c0 1.156-0.977 2.133-2.133 2.133h-14.305l1.909-2.219c0.192-0.223 0.167-0.56-0.057-0.752s-0.561-0.166-0.753 0.057l-2.666 3.099-4.396 4.836v-4.487c0-0.294-0.239-0.533-0.533-0.533h-4.8c-1.156 0-2.133-0.977-2.133-2.133v-17.6c0-1.156 0.977-2.133 2.133-2.133h25.6c1.156 0 2.133 0.977 2.133 2.133v17.6z\"><\/path><\/svg>\t\t\t\t\t\t\t\t\t\t<a href=\"https:\/\/symphonicmetalechoes.ro\/en\/festivalul-symphonic-metal-echoes-la-prima-editie-cine-concerteaza-cat-costa-biletele\/#respond\">0<\/a>\n\t\t\t\t\t\t\t\t\t<\/span>\n\t\t\t\t\t\t\t\t\t\t\t\t\t\t\t\t\t\t\t\t\t<\/div>\n\t\t\t\t\t                                            \n                                            \n                                                                                            \t\t\t\t<h2 class=\"entry-title\">\n\t\t\t\t\t<a href=\"https:\/\/symphonicmetalechoes.ro\/en\/festivalul-symphonic-metal-echoes-la-prima-editie-cine-concerteaza-cat-costa-biletele\/\">\n\t\t\t\t\t\tFestivalul Symphonic Metal Echoes, la prima edi\u021bie. Cine concerteaz\u0103, c\u00e2t cost\u0103 biletele\t\t\t\t\t<\/a>\n\t\t\t\t<\/h2>\n\t\t\t                                                                                <\/div><!-- .elementskit-entry-header END -->\n\n                                                                            <div class=\"elementskit-post-footer\">\n                                                                                                                                                                                                                            <\/div><!-- .elementskit-post-footer END -->\n                                                                    <\/div><!-- .elementskit-post-body END -->\n                            <\/div>\n                        <\/div>\n                    <\/div><!-- .elementskit-blog-block-post .radius .gradient-bg END -->\n                \n            <\/div>\n                <\/div>\n       <\/div>\t\t\t\t<\/div>\n\t\t\t\t\t<\/div>\n\t\t\t\t<\/div>\n\t\t\t\t<\/div>\n\t\t","protected":false},"excerpt":{"rendered":"<p>2 July 2024 Stiri 0 Primul Festival Symphonic Metal din Rom\u00e2nia! Primul Festival Symphonic Metal din Rom\u00e2nia! 2 July 2024 Stiri 0 Prima edi\u021bie a festivalului \u201eSymphonic Metal Echoes\u201d Prima edi\u021bie a festivalului &#8222;Symphonic Metal Echoes&#8221;. &nbsp; 1 July 2024 Stiri 0 Festivalul Symphonic Metal Echoes, la prima edi\u021bie. Cine concerteaz\u0103, c\u00e2t cost\u0103 biletele<\/p>\n","protected":false},"author":2,"featured_media":0,"parent":0,"menu_order":0,"comment_status":"closed","ping_status":"closed","template":"","meta":{"inline_featured_image":false,"footnotes":""},"class_list":["post-605","page","type-page","status-publish","hentry"],"_links":{"self":[{"href":"https:\/\/symphonicmetalechoes.ro\/en\/wp-json\/wp\/v2\/pages\/605","targetHints":{"allow":["GET"]}}],"collection":[{"href":"https:\/\/symphonicmetalechoes.ro\/en\/wp-json\/wp\/v2\/pages"}],"about":[{"href":"https:\/\/symphonicmetalechoes.ro\/en\/wp-json\/wp\/v2\/types\/page"}],"author":[{"embeddable":true,"href":"https:\/\/symphonicmetalechoes.ro\/en\/wp-json\/wp\/v2\/users\/2"}],"replies":[{"embeddable":true,"href":"https:\/\/symphonicmetalechoes.ro\/en\/wp-json\/wp\/v2\/comments?post=605"}],"version-history":[{"count":14,"href":"https:\/\/symphonicmetalechoes.ro\/en\/wp-json\/wp\/v2\/pages\/605\/revisions"}],"predecessor-version":[{"id":1481,"href":"https:\/\/symphonicmetalechoes.ro\/en\/wp-json\/wp\/v2\/pages\/605\/revisions\/1481"}],"wp:attachment":[{"href":"https:\/\/symphonicmetalechoes.ro\/en\/wp-json\/wp\/v2\/media?parent=605"}],"curies":[{"name":"wp","href":"https:\/\/api.w.org\/{rel}","templated":true}]}}